{"id":84,"date":"2017-03-13T14:49:06","date_gmt":"2017-03-13T14:49:06","guid":{"rendered":"https:\/\/pilatesaccorps.fr\/?page_id=84"},"modified":"2026-03-15T12:26:23","modified_gmt":"2026-03-15T11:26:23","slug":"professeur","status":"publish","type":"page","link":"https:\/\/pilatesaccorps.fr\/?page_id=84","title":{"rendered":"Professeur"},"content":{"rendered":"<p>[vc_row][vc_column][vc_row_inner equal_height=\u00a0\u00bbyes\u00a0\u00bb][vc_column_inner width=\u00a0\u00bb1\/2&Prime;][vc_empty_space alter_height=\u00a0\u00bbmedium\u00a0\u00bb hide_on_mobile=\u00a0\u00bb\u00a0\u00bb css=\u00a0\u00bb.vc_custom_1490451377714{margin-top: -0.2rem !important;}\u00a0\u00bb]<div id=\"sc_title_669135776\"\n\t\tclass=\"sc_title sc_title_default\"><h2 class=\"sc_item_title sc_title_title sc_align_left sc_item_title_style_default sc_item_title_tag\">Julie Poupon-Griffay<\/h2><\/div><!-- \/.sc_title -->[vc_empty_space alter_height=\u00a0\u00bbmedium\u00a0\u00bb hide_on_mobile=\u00a0\u00bb\u00a0\u00bb css=\u00a0\u00bb.vc_custom_1490451377714{margin-top: -0.2rem !important;}\u00a0\u00bb][vc_column_text]<strong>Le Pilates et Moi<\/strong><\/p>\n<p data-prosemirror-content-type=\"node\" data-prosemirror-node-name=\"paragraph\" data-prosemirror-node-block=\"true\" data-pm-slice=\"1 1 []\">J\u2019attache une grande importance \u00e0 cette m\u00e9thode subtile et \u00e0 son enseignement dans le plus grand respect de ses principes et de ses fondamentaux. Voici plusieurs ann\u00e9es maintenant que je pratique et l\u2019enseigne. Ma curiosit\u00e9, mes r\u00e9flexions autour de ce sujet, mon exp\u00e9rience dans ma pratique et dans mon enseignement m\u2019ont fait \u00e9voluer dans mon approche p\u00e9dagogique. J&rsquo;assure ma formation continue pour une expertise plus pertinente mais surtout respectueuse du corps dans sa globalit\u00e9.<\/p>\n<p data-prosemirror-content-type=\"node\" data-prosemirror-node-name=\"paragraph\" data-prosemirror-node-block=\"true\">Aujourd\u2019hui mon enseignement s\u2019oriente autour de l\u2019anatomie des fascias. Un grand pas en avant pour ramener \u00e0 la m\u00e9thode son int\u00e9grit\u00e9. Une compr\u00e9hension kinesth\u00e9sique sensorielle plus en lien avec la physiologie.<\/p>\n<p data-prosemirror-content-type=\"node\" data-prosemirror-node-name=\"paragraph\" data-prosemirror-node-block=\"true\" data-pm-slice=\"1 1 []\">Pour moi le bien \u00eatre et la bienveillance sont de rigueurs.<br data-prosemirror-content-type=\"node\" data-prosemirror-node-name=\"hardBreak\" data-prosemirror-node-inline=\"true\" \/>Ma transmission s\u2019oriente vers l\u2019individualit\u00e9 car chaque personne est unique et chacun a ses possibilit\u00e9s et son rythme de progression.<\/p>\n<p data-prosemirror-content-type=\"node\" data-prosemirror-node-name=\"paragraph\" data-prosemirror-node-block=\"true\">Joseph Pilates nous a laiss\u00e9 un bel h\u00e9ritage avec sa m\u00e9thode qui comprend 34 mouvements. Un bel \u00e9ventail de possibilit\u00e9s motrices avec lesquelles j\u2019ai plaisir \u00e0 \u0153uvrer pour questionner le kinesth\u00e9sique, le ressenti qui sont \u00e0 mon sens primordiale dans la pratique sportive au sens large.<\/p>\n<p><strong>Formation:\u00a0<\/strong><\/p>\n<p data-prosemirror-content-type=\"node\" data-prosemirror-node-name=\"paragraph\" data-prosemirror-node-block=\"true\" data-pm-slice=\"1 1 []\">-Dipl\u00f4me d\u2019\u00e9tat de danse (option jazz)<br data-prosemirror-content-type=\"node\" data-prosemirror-node-name=\"hardBreak\" data-prosemirror-node-inline=\"true\" \/>-CQP activit\u00e9s gymniques d\u2019entretien et d\u2019expression (Educateur sportif),<br data-prosemirror-content-type=\"node\" data-prosemirror-node-name=\"hardBreak\" data-prosemirror-node-inline=\"true\" \/>-Certification pilates (coach pilates): Femme enceinte, S\u00e9nior, Pilates th\u00e9rapie, Rose pilates<br data-prosemirror-content-type=\"node\" data-prosemirror-node-name=\"hardBreak\" data-prosemirror-node-inline=\"true\" \/>Petit mat\u00e9riel<\/p>\n<ul class=\"ak-ul\" data-prosemirror-content-type=\"node\" data-prosemirror-node-name=\"bulletList\" data-prosemirror-node-block=\"true\">\n<li data-prosemirror-content-type=\"node\" data-prosemirror-node-name=\"listItem\" data-prosemirror-node-block=\"true\">\n<p data-prosemirror-content-type=\"node\" data-prosemirror-node-name=\"paragraph\" data-prosemirror-node-block=\"true\">Certification Pilates et fascias en mouvement avec l&rsquo;\u00e9cole de C\u00e9lina Hwang Return to life<\/p>\n<\/li>\n<\/ul>\n<p data-prosemirror-content-type=\"node\" data-prosemirror-node-name=\"paragraph\" data-prosemirror-node-block=\"true\">-Formation compl\u00e9mentaire : Relaxation, Nutrition, Pilates enfant, Posturologie, Stretching.<\/p>\n<p data-prosemirror-content-type=\"node\" data-prosemirror-node-name=\"paragraph\" data-prosemirror-node-block=\"true\">J\u2019aime d\u00e9couvrir, apprendre et m\u2019informer sur diff\u00e9rentes techniques qui touchent de pr\u00e8s ou de loin le corps dans sa globalit\u00e9.<\/p>\n<p>Formation compl\u00e9mentaire : Relaxation, Nutrition, Pilates enfant, Posturologie, Stretching<br \/>\nFormation compl\u00e9mentaire : Relaxation, Nutrition, Pilates enfant, Posturologie, Stretching<br \/>\nJ\u2019aime d\u00e9couvrir, apprendre et m&rsquo;informer sur diff\u00e9rentes techniques qui touchent de pr\u00e8s ou de loin le corps dans sa globalit\u00e9.<\/p>\n<p data-prosemirror-content-type=\"node\" data-prosemirror-node-name=\"paragraph\" data-prosemirror-node-block=\"true\" data-pm-slice=\"1 1 []\"><em data-prosemirror-content-type=\"mark\" data-prosemirror-mark-name=\"em\">La philosophie de Pilates Ac corps:<\/em><\/p>\n<p data-prosemirror-content-type=\"node\" data-prosemirror-node-name=\"paragraph\" data-prosemirror-node-block=\"true\"><em data-prosemirror-content-type=\"mark\" data-prosemirror-mark-name=\"em\">Pilates Ac corps est na\u00eet d\u2019une profonde envie de g\u00e9n\u00e9rer le mouvement au sens large. Mon exp\u00e9rience dans le monde du mouvement tient ses origines de la danse. Une discipline artistique rigoureuse et que j\u2019ai toujours appr\u00e9ci\u00e9 pour son travail autour du corps de l\u2019expression de la cr\u00e9ativit\u00e9 mais surtout pour ce que cela \u00e9veillait dans mes ressentis corporels pour ne pas dire visc\u00e9ral et intuitifs. Rencontrer son corps, l&rsquo;\u00e9veiller \u00e0, le fa\u00e7onner, le modeler, l\u2019orienter pour percevoir d\u2019autres choses, une respiration ou plut\u00f4t un soupir et l&rsquo;\u00e9couter, l\u2019autoriser, et se laisser consulter, se rencontrer pour le laisser parler, vibrer, et laisser c\u00e9der car l\u2019esprit le c\u00e9r\u00e9bral contr\u00f4le sans cesse ce qui ne doit pas toujours l\u2019\u00eatre, car l&rsquo;\u00eatre \u00e0 aussi besoin de cet \u00e9tat de soi.<\/em><\/p>\n<p data-prosemirror-content-type=\"node\" data-prosemirror-node-name=\"paragraph\" data-prosemirror-node-block=\"true\"><em data-prosemirror-content-type=\"mark\" data-prosemirror-mark-name=\"em\">\u201cDescendre dans son corps\u201d une devise que j\u2019utilise r\u00e9guli\u00e8rement\u00a0 fait sentir quand on lui laisse sa place. Un sujet qui m\u2019habite me questionne dans mon travail du mouvement.<\/em><\/p>\n<p data-prosemirror-content-type=\"node\" data-prosemirror-node-name=\"paragraph\" data-prosemirror-node-block=\"true\">Je me d\u00e9fini aussi comme initiatrice du mouvement car mes semaines s\u2019orientent autour de plusieurs disciplines, le Pilates qui occupe une grande place, de la Danse (avec un public \u00e0 partir de 4 ans)\u00a0 de la Gym comme dirait le petit robert : l&rsquo;a_rt <em data-prosemirror-content-type=\"mark\" data-prosemirror-mark-name=\"em\">d&rsquo;assouplir et de fortifier le corps par des exercices appropri\u00e9s avec un public adultes.<\/em><\/p>\n<p data-prosemirror-content-type=\"node\" data-prosemirror-node-name=\"paragraph\" data-prosemirror-node-block=\"true\"><em data-prosemirror-content-type=\"mark\" data-prosemirror-mark-name=\"em\">En r\u00e9flexion permanente sur l\u2019art de bouger mais surtout de transmettre le mouvement relier les pratiquants \u00e0 leur corps et pourquoi et \u00e0 qui et comment ?<\/em><\/p>\n<p data-prosemirror-content-type=\"node\" data-prosemirror-node-name=\"paragraph\" data-prosemirror-node-block=\"true\"><em data-prosemirror-content-type=\"mark\" data-prosemirror-mark-name=\"em\">C\u2019est ce que d\u00e9fend aussi Pilates Ac corps<\/em><\/p>\n<p data-prosemirror-content-type=\"node\" data-prosemirror-node-name=\"paragraph\" data-prosemirror-node-block=\"true\"><em data-prosemirror-content-type=\"mark\" data-prosemirror-mark-name=\"em\">D\u2019o\u00f9 vient le nom : Ac corps<\/em><\/p>\n<p data-prosemirror-content-type=\"node\" data-prosemirror-node-name=\"paragraph\" data-prosemirror-node-block=\"true\"><em data-prosemirror-content-type=\"mark\" data-prosemirror-mark-name=\"em\">Un jeu de mot qui s\u2019est trouv\u00e9 repr\u00e9sentatif d\u2019une philosophie \u00e0 d\u00e9fendre.<\/em><\/p>\n<p>[\/vc_column_text][\/vc_column_inner][vc_column_inner width=\u00a0\u00bb1\/2&Prime;][vc_empty_space alter_height=\u00a0\u00bbmedium\u00a0\u00bb hide_on_mobile=\u00a0\u00bb\u00a0\u00bb][vc_empty_space alter_height=\u00a0\u00bbmedium\u00a0\u00bb hide_on_mobile=\u00a0\u00bb\u00a0\u00bb][vc_single_image image=\u00a0\u00bb1162&Prime; img_size=\u00a0\u00bbfull\u00a0\u00bb alignment=\u00a0\u00bbright\u00a0\u00bb el_class=\u00a0\u00bbimg_profil\u00a0\u00bb][\/vc_column_inner][\/vc_row_inner][vc_empty_space alter_height=\u00a0\u00bblarge\u00a0\u00bb hide_on_mobile=\u00a0\u00bb\u00a0\u00bb css=\u00a0\u00bb.vc_custom_1490452531497{margin-top: -0.5rem !important;}\u00a0\u00bb][vc_empty_space alter_height=\u00a0\u00bbmedium\u00a0\u00bb hide_on_mobile=\u00a0\u00bb\u00a0\u00bb css=\u00a0\u00bb.vc_custom_1490452561306{margin-top: 1.3rem !important;}\u00a0\u00bb]<div id=\"sc_title_172255609\"\n\t\tclass=\"sc_title sc_title_default\"><h2 class=\"sc_item_title sc_title_title sc_align_left sc_item_title_style_default sc_item_title_tag\">Choisissez votre cours<\/h2><\/div><!-- \/.sc_title -->[vc_empty_space alter_height=\u00a0\u00bbmedium\u00a0\u00bb hide_on_mobile=\u00a0\u00bb\u00a0\u00bb css=\u00a0\u00bb.vc_custom_1490452561306{margin-top: 1.3rem !important;}\u00a0\u00bb][vc_row_inner][vc_column_inner width=\u00a0\u00bb1\/3&Prime;]<div  id=\"coursPrivee\" \n\tclass=\"sc_price sc_price_default coursprivee  vc_custom_1606209761453\"><div class=\"sc_price_info\"><div class=\"sc_price_title\"><a href=\"\/classes\">Cours individuel<\/a><\/div><div class=\"sc_price_description\">Apr\u00e8s un entretien individuel favorisant un \u00e9change sur vos attentes mais aussi vos besoins, nous \u00e9tablirons un planning et un programme d\u2019entrainement personnalis\u00e9<\/div><a href=\"\/classes\" class=\"sc_price_link\">Savoir Plus<\/a><\/div>\n<\/div>[\/vc_column_inner][vc_column_inner width=\u00a0\u00bb1\/3&Prime;]<div  id=\"coursPrivee\" \n\tclass=\"sc_price sc_price_default coursprivee  vc_custom_1607012172970\"><div class=\"sc_price_info\"><div class=\"sc_price_title\"><a href=\"\/classes\/#coursEntrepriseSection\">Entreprise &amp; association<\/a><\/div><div class=\"sc_price_description\">Vous souhaitez mettre en place des cours de Pilates dans votre structure, qu'elle soit professionnelle ou associative et bien c\u2019est possible aussi<\/div><a href=\"\/classes\/#coursEntrepriseSection\" class=\"sc_price_link\">Savoir Plus<\/a><\/div>\n<\/div>[\/vc_column_inner][vc_column_inner width=\u00a0\u00bb1\/3&Prime;]<div  id=\"coursPrivee\" \n\tclass=\"sc_price sc_price_default coursprivee  vc_custom_1607012207322\"><div class=\"sc_price_info\"><div class=\"sc_price_title\"><a href=\"\/classes\/#coursprepostnatalSection\">Cours pr\u00e9 et postnatal<\/a><\/div><div class=\"sc_price_description\">Je proposer aux femmes enceintes et en post-partum, des exercices qui permettront de continuer a garder un dynamisme corporel et \u00e0 la fois une mobilit\u00e9 articulaire.<\/div><a href=\"\/classes\/#coursprepostnatalSection\" class=\"sc_price_link\">Savoir Plus<\/a><\/div>\n<\/div>[\/vc_column_inner][\/vc_row_inner][\/vc_column][\/vc_row]<\/p>\n","protected":false},"excerpt":{"rendered":"<p>[vc_row][vc_column][vc_row_inner equal_height=\u00a0\u00bbyes\u00a0\u00bb][vc_column_inner width=\u00a0\u00bb1\/2&Prime;][vc_empty_space alter_height=\u00a0\u00bbmedium\u00a0\u00bb hide_on_mobile=\u00a0\u00bb\u00a0\u00bb css=\u00a0\u00bb.vc_custom_1490451377714{margin-top: -0.2rem !important;}\u00a0\u00bb][vc_empty_space alter_height=\u00a0\u00bbmedium\u00a0\u00bb hide_on_mobile=\u00a0\u00bb\u00a0\u00bb css=\u00a0\u00bb.vc_custom_1490451377714{margin-top: -0.2rem !important;}\u00a0\u00bb][vc_column_text]Le Pilates et Moi J\u2019attache une grande importance \u00e0 cette m\u00e9thode subtile et \u00e0 son enseignement dans le&hellip;<\/p>\n","protected":false},"author":1,"featured_media":0,"parent":0,"menu_order":0,"comment_status":"closed","ping_status":"closed","template":"","meta":{"footnotes":""},"class_list":["post-84","page","type-page","status-publish","hentry"],"yoast_head":"<!-- This site is optimized with the Yoast SEO plugin v27.1.1 - https:\/\/yoast.com\/product\/yoast-seo-wordpress\/ -->\n<title>Professeur - Pilates Ac corps<\/title>\n<meta name=\"description\" content=\"Professeur - Pilates Ac corps\" \/>\n<meta name=\"robots\" content=\"index, follow, max-snippet:-1, max-image-preview:large, max-video-preview:-1\" \/>\n<link rel=\"canonical\" href=\"https:\/\/pilatesaccorps.fr\/?page_id=84\" \/>\n<meta property=\"og:locale\" content=\"fr_FR\" \/>\n<meta property=\"og:type\" content=\"article\" \/>\n<meta property=\"og:title\" content=\"Professeur - Pilates Ac corps\" \/>\n<meta property=\"og:description\" content=\"Professeur - Pilates Ac corps\" \/>\n<meta property=\"og:url\" content=\"https:\/\/pilatesaccorps.fr\/?page_id=84\" \/>\n<meta property=\"og:site_name\" content=\"Pilates Ac corps\" \/>\n<meta property=\"article:publisher\" content=\"https:\/\/www.facebook.com\/profile.php?id=61584966630451\" \/>\n<meta property=\"article:modified_time\" content=\"2026-03-15T11:26:23+00:00\" \/>\n<meta name=\"twitter:card\" content=\"summary_large_image\" \/>\n<meta name=\"twitter:label1\" content=\"Dur\u00e9e de lecture estim\u00e9e\" \/>\n\t<meta name=\"twitter:data1\" content=\"4 minutes\" \/>\n<script type=\"application\/ld+json\" class=\"yoast-schema-graph\">{\"@context\":\"https:\/\/schema.org\",\"@graph\":[{\"@type\":\"WebPage\",\"@id\":\"https:\/\/pilatesaccorps.fr\/?page_id=84\",\"url\":\"https:\/\/pilatesaccorps.fr\/?page_id=84\",\"name\":\"Professeur - Pilates Ac corps\",\"isPartOf\":{\"@id\":\"https:\/\/pilatesaccorps.fr\/#website\"},\"datePublished\":\"2017-03-13T14:49:06+00:00\",\"dateModified\":\"2026-03-15T11:26:23+00:00\",\"description\":\"Professeur - Pilates Ac corps\",\"breadcrumb\":{\"@id\":\"https:\/\/pilatesaccorps.fr\/?page_id=84#breadcrumb\"},\"inLanguage\":\"fr-FR\",\"potentialAction\":[{\"@type\":\"ReadAction\",\"target\":[\"https:\/\/pilatesaccorps.fr\/?page_id=84\"]}]},{\"@type\":\"BreadcrumbList\",\"@id\":\"https:\/\/pilatesaccorps.fr\/?page_id=84#breadcrumb\",\"itemListElement\":[{\"@type\":\"ListItem\",\"position\":1,\"name\":\"Accueil\",\"item\":\"https:\/\/pilatesaccorps.fr\/\"},{\"@type\":\"ListItem\",\"position\":2,\"name\":\"Professeur\"}]},{\"@type\":\"WebSite\",\"@id\":\"https:\/\/pilatesaccorps.fr\/#website\",\"url\":\"https:\/\/pilatesaccorps.fr\/\",\"name\":\"Pilates Ac corps\",\"description\":\"Votre professeur du Pilates\",\"publisher\":{\"@id\":\"https:\/\/pilatesaccorps.fr\/#organization\"},\"potentialAction\":[{\"@type\":\"SearchAction\",\"target\":{\"@type\":\"EntryPoint\",\"urlTemplate\":\"https:\/\/pilatesaccorps.fr\/?s={search_term_string}\"},\"query-input\":{\"@type\":\"PropertyValueSpecification\",\"valueRequired\":true,\"valueName\":\"search_term_string\"}}],\"inLanguage\":\"fr-FR\"},{\"@type\":\"Organization\",\"@id\":\"https:\/\/pilatesaccorps.fr\/#organization\",\"name\":\"Pilates Ac corps\",\"url\":\"https:\/\/pilatesaccorps.fr\/\",\"logo\":{\"@type\":\"ImageObject\",\"inLanguage\":\"fr-FR\",\"@id\":\"https:\/\/pilatesaccorps.fr\/#\/schema\/logo\/image\/\",\"url\":\"https:\/\/pilatesaccorps.fr\/wp-content\/uploads\/2020\/11\/piltesaccoprs-logo@2x.png\",\"contentUrl\":\"https:\/\/pilatesaccorps.fr\/wp-content\/uploads\/2020\/11\/piltesaccoprs-logo@2x.png\",\"width\":69,\"height\":52,\"caption\":\"Pilates Ac corps\"},\"image\":{\"@id\":\"https:\/\/pilatesaccorps.fr\/#\/schema\/logo\/image\/\"},\"sameAs\":[\"https:\/\/www.facebook.com\/profile.php?id=61584966630451\",\"https:\/\/www.instagram.com\/pilatesaccorps_julie\/?hl=fr\"]}]}<\/script>\n<!-- \/ Yoast SEO plugin. -->","yoast_head_json":{"title":"Professeur - Pilates Ac corps","description":"Professeur - Pilates Ac corps","robots":{"index":"index","follow":"follow","max-snippet":"max-snippet:-1","max-image-preview":"max-image-preview:large","max-video-preview":"max-video-preview:-1"},"canonical":"https:\/\/pilatesaccorps.fr\/?page_id=84","og_locale":"fr_FR","og_type":"article","og_title":"Professeur - Pilates Ac corps","og_description":"Professeur - Pilates Ac corps","og_url":"https:\/\/pilatesaccorps.fr\/?page_id=84","og_site_name":"Pilates Ac corps","article_publisher":"https:\/\/www.facebook.com\/profile.php?id=61584966630451","article_modified_time":"2026-03-15T11:26:23+00:00","twitter_card":"summary_large_image","twitter_misc":{"Dur\u00e9e de lecture estim\u00e9e":"4 minutes"},"schema":{"@context":"https:\/\/schema.org","@graph":[{"@type":"WebPage","@id":"https:\/\/pilatesaccorps.fr\/?page_id=84","url":"https:\/\/pilatesaccorps.fr\/?page_id=84","name":"Professeur - Pilates Ac corps","isPartOf":{"@id":"https:\/\/pilatesaccorps.fr\/#website"},"datePublished":"2017-03-13T14:49:06+00:00","dateModified":"2026-03-15T11:26:23+00:00","description":"Professeur - Pilates Ac corps","breadcrumb":{"@id":"https:\/\/pilatesaccorps.fr\/?page_id=84#breadcrumb"},"inLanguage":"fr-FR","potentialAction":[{"@type":"ReadAction","target":["https:\/\/pilatesaccorps.fr\/?page_id=84"]}]},{"@type":"BreadcrumbList","@id":"https:\/\/pilatesaccorps.fr\/?page_id=84#breadcrumb","itemListElement":[{"@type":"ListItem","position":1,"name":"Accueil","item":"https:\/\/pilatesaccorps.fr\/"},{"@type":"ListItem","position":2,"name":"Professeur"}]},{"@type":"WebSite","@id":"https:\/\/pilatesaccorps.fr\/#website","url":"https:\/\/pilatesaccorps.fr\/","name":"Pilates Ac corps","description":"Votre professeur du Pilates","publisher":{"@id":"https:\/\/pilatesaccorps.fr\/#organization"},"potentialAction":[{"@type":"SearchAction","target":{"@type":"EntryPoint","urlTemplate":"https:\/\/pilatesaccorps.fr\/?s={search_term_string}"},"query-input":{"@type":"PropertyValueSpecification","valueRequired":true,"valueName":"search_term_string"}}],"inLanguage":"fr-FR"},{"@type":"Organization","@id":"https:\/\/pilatesaccorps.fr\/#organization","name":"Pilates Ac corps","url":"https:\/\/pilatesaccorps.fr\/","logo":{"@type":"ImageObject","inLanguage":"fr-FR","@id":"https:\/\/pilatesaccorps.fr\/#\/schema\/logo\/image\/","url":"https:\/\/pilatesaccorps.fr\/wp-content\/uploads\/2020\/11\/piltesaccoprs-logo@2x.png","contentUrl":"https:\/\/pilatesaccorps.fr\/wp-content\/uploads\/2020\/11\/piltesaccoprs-logo@2x.png","width":69,"height":52,"caption":"Pilates Ac corps"},"image":{"@id":"https:\/\/pilatesaccorps.fr\/#\/schema\/logo\/image\/"},"sameAs":["https:\/\/www.facebook.com\/profile.php?id=61584966630451","https:\/\/www.instagram.com\/pilatesaccorps_julie\/?hl=fr"]}]}},"_links":{"self":[{"href":"https:\/\/pilatesaccorps.fr\/index.php?rest_route=\/wp\/v2\/pages\/84","targetHints":{"allow":["GET"]}}],"collection":[{"href":"https:\/\/pilatesaccorps.fr\/index.php?rest_route=\/wp\/v2\/pages"}],"about":[{"href":"https:\/\/pilatesaccorps.fr\/index.php?rest_route=\/wp\/v2\/types\/page"}],"author":[{"embeddable":true,"href":"https:\/\/pilatesaccorps.fr\/index.php?rest_route=\/wp\/v2\/users\/1"}],"replies":[{"embeddable":true,"href":"https:\/\/pilatesaccorps.fr\/index.php?rest_route=%2Fwp%2Fv2%2Fcomments&post=84"}],"version-history":[{"count":55,"href":"https:\/\/pilatesaccorps.fr\/index.php?rest_route=\/wp\/v2\/pages\/84\/revisions"}],"predecessor-version":[{"id":1151,"href":"https:\/\/pilatesaccorps.fr\/index.php?rest_route=\/wp\/v2\/pages\/84\/revisions\/1151"}],"wp:attachment":[{"href":"https:\/\/pilatesaccorps.fr\/index.php?rest_route=%2Fwp%2Fv2%2Fmedia&parent=84"}],"curies":[{"name":"wp","href":"https:\/\/api.w.org\/{rel}","templated":true}]}}