{"id":86,"date":"2017-03-13T14:49:50","date_gmt":"2017-03-13T14:49:50","guid":{"rendered":"https:\/\/pilatesaccorps.fr\/?page_id=86"},"modified":"2026-03-15T12:27:37","modified_gmt":"2026-03-15T11:27:37","slug":"pilates-ac-corps-cours","status":"publish","type":"page","link":"https:\/\/pilatesaccorps.fr\/?page_id=86","title":{"rendered":"Cours"},"content":{"rendered":"<p>[vc_row full_width=\u00a0\u00bbstretch_row\u00a0\u00bb css=\u00a0\u00bb.vc_custom_1605115746129{background-color: #ffffff !important;}\u00a0\u00bb][vc_column][vc_empty_space alter_height=\u00a0\u00bbmedium\u00a0\u00bb hide_on_mobile=\u00a0\u00bb\u00a0\u00bb css=\u00a0\u00bb.vc_custom_1490341906494{margin-top: -0.6rem !important;}\u00a0\u00bb]<div id=\"sc_title_203542232\"\n\t\tclass=\"sc_title sc_title_default cours_types\"><h2 class=\"sc_item_title sc_title_title sc_align_left sc_item_title_style_default sc_item_title_tag\">Cours<\/h2><\/div><!-- \/.sc_title -->[vc_empty_space alter_height=\u00a0\u00bbmedium\u00a0\u00bb hide_on_mobile=\u00a0\u00bb\u00a0\u00bb css=\u00a0\u00bb.vc_custom_1490341906494{margin-top: -0.6rem !important;}\u00a0\u00bb]<div id=\"servicesCours\" class=\"sc_services sc_services_chess classes_types\"><div class=\"sc_services_content sc_item_content sc_item_columns_1\"><div class=\"sc_services_item without_content\"><div class=\"post_featured with_thumb hover_dots sc_services_item_header post_featured_bg beyoga_inline_9621300\"><div class=\"mask\"><\/div><a href=\"https:\/\/pilatesaccorps.fr\/?cpt_services=cours-individuel\" aria-hidden=\"true\" class=\"icons\"><span><\/span><span><\/span><span><\/span><\/a><\/div><div class=\"sc_services_item_featured_content\">\n            <!--         <h4 class=\"sc_services_item_title\"><a href=\"http:\/\/localhost:8888\/wpa\/?page_id=86\/#class_resa\">Cours individuel<\/a><\/h4>\n            <div class=\"sc_services_item_subtitle\"><p>Cours individuel<\/p>\n<\/div>\n                -->\n\n     <div class=\"sc_services_item_button sc_item_button\"><a href=\"http:\/\/localhost:8888\/wpa\/?page_id=86\/#class_resa\" class=\"sc_button coursReservation\">R\u00e9server ce cours<\/a><\/div>\n<\/div>\n\t<div class=\"sc_services_item_content\">\n\t\t            <h5 class=\"sc_services_item_content_title\">Cours individuel<\/h5>\n            <div class=\"sc_services_item_content_item about\"><span id=\"#coursIndividuel\"><\/span>\r\nApr\u00e8s un entretien individuel favorisant un \u00e9change sur vos attentes mais aussi vos besoins, nous \u00e9tablirons un planning et un programme d'entra\u00eenement personnalis\u00e9.<\/div>\n                                            <!-- <div class=\"sc_services_item_button sc_item_button\"><a href=\"http:\/\/localhost:8888\/wpa\/?page_id=86\/#class_resa\" class=\"sc_button\">R\u00e9server ce cours<\/a><\/div> -->\n\t<\/div>\n<\/div>\n<div class=\"sc_services_item without_content\"><div class=\"post_featured with_thumb hover_dots sc_services_item_header post_featured_bg beyoga_inline_1518550649\"><div class=\"mask\"><\/div><a href=\"https:\/\/pilatesaccorps.fr\/?cpt_services=cours-entreprise\" aria-hidden=\"true\" class=\"icons\"><span><\/span><span><\/span><span><\/span><\/a><\/div><div class=\"sc_services_item_featured_content\">\n            <!--         <h4 class=\"sc_services_item_title\"><a href=\"http:\/\/localhost:8888\/wpa\/?page_id=86\/#class_resa\">Cours en Entreprise<\/a><\/h4>\n            <div class=\"sc_services_item_subtitle\"><p>Cours en Entreprise<\/p>\n<\/div>\n                -->\n\n     <div class=\"sc_services_item_button sc_item_button\"><a href=\"http:\/\/localhost:8888\/wpa\/?page_id=86\/#class_resa\" class=\"sc_button coursReservation\">R\u00e9server ce cours<\/a><\/div>\n<\/div>\n\t<div class=\"sc_services_item_content\">\n\t\t            <h5 class=\"sc_services_item_content_title\">Cours en Entreprise<\/h5>\n            <div class=\"sc_services_item_content_item about\"><span id=\"coursEntrepriseSection\" <\/span>\r\nL\u2019organisation d\u2019un cours de Pilates au sein de votre entreprise, peut \u00eatre facilement envisageable et am\u00e9nageable. Il apporte un moment de bien-\u00eatre \u00e0 vos salari\u00e9s et favorise ainsi une meilleure gestion du stress, am\u00e9liora la posture physique de chacun par rapport \u00e0 leur poste de travail et encourage les \u00e9changes de groupe. Le Pilates en entreprise est une invitation \u00e0 prendre soin de vous et de vos collaborateurs.<\/div>\n                                            <!-- <div class=\"sc_services_item_button sc_item_button\"><a href=\"http:\/\/localhost:8888\/wpa\/?page_id=86\/#class_resa\" class=\"sc_button\">R\u00e9server ce cours<\/a><\/div> -->\n\t<\/div>\n<\/div>\n<div class=\"sc_services_item without_content\"><div class=\"post_featured with_thumb hover_dots sc_services_item_header post_featured_bg beyoga_inline_2108011207\"><div class=\"mask\"><\/div><a href=\"https:\/\/pilatesaccorps.fr\/?cpt_services=cours-association\" aria-hidden=\"true\" class=\"icons\"><span><\/span><span><\/span><span><\/span><\/a><\/div><div class=\"sc_services_item_featured_content\">\n            <!--         <h4 class=\"sc_services_item_title\"><a href=\"http:\/\/localhost:8888\/wpa\/?page_id=86\/#class_resa\">Cours en Association<\/a><\/h4>\n            <div class=\"sc_services_item_subtitle\"><p>Cours en Association<\/p>\n<\/div>\n                -->\n\n     <div class=\"sc_services_item_button sc_item_button\"><a href=\"http:\/\/localhost:8888\/wpa\/?page_id=86\/#class_resa\" class=\"sc_button coursReservation\">R\u00e9server ce cours<\/a><\/div>\n<\/div>\n\t<div class=\"sc_services_item_content\">\n\t\t            <h5 class=\"sc_services_item_content_title\">Cours en Association<\/h5>\n            <div class=\"sc_services_item_content_item about\"><span id=\"coursAssociation\"><\/span>\r\nVous souhaitez mettre en place au sein de votre association ou de votre commune des cours de Pilates de mani\u00e8re hebdomadaire ou sous forme de stage. N\u2019h\u00e9sitez pas \u00e0 me contacter.<\/div>\n                                            <!-- <div class=\"sc_services_item_button sc_item_button\"><a href=\"http:\/\/localhost:8888\/wpa\/?page_id=86\/#class_resa\" class=\"sc_button\">R\u00e9server ce cours<\/a><\/div> -->\n\t<\/div>\n<\/div>\n<div class=\"sc_services_item without_content\"><div class=\"post_featured with_thumb hover_dots sc_services_item_header post_featured_bg beyoga_inline_738789519\"><div class=\"mask\"><\/div><a href=\"https:\/\/pilatesaccorps.fr\/?cpt_services=cours-pre-postnatal\" aria-hidden=\"true\" class=\"icons\"><span><\/span><span><\/span><span><\/span><\/a><\/div><div class=\"sc_services_item_featured_content\">\n            <!--         <h4 class=\"sc_services_item_title\"><a href=\"http:\/\/localhost:8888\/wpa\/?page_id=86\/#class_resa\">Cours pr\u00e9\/postnatal<\/a><\/h4>\n            <div class=\"sc_services_item_subtitle\"><p>Cours pr\u00e9\/postnatal<\/p>\n<\/div>\n                -->\n\n     <div class=\"sc_services_item_button sc_item_button\"><a href=\"http:\/\/localhost:8888\/wpa\/?page_id=86\/#class_resa\" class=\"sc_button coursReservation\">R\u00e9server ce cours<\/a><\/div>\n<\/div>\n\t<div class=\"sc_services_item_content\">\n\t\t            <h5 class=\"sc_services_item_content_title\">Cours pr\u00e9\/postnatal<\/h5>\n            <div class=\"sc_services_item_content_item about\"><span id=\"coursprepostnatalSection\" <\/span>\r\nLa grossesse est une \u00e9tape importante dans la vie d\u2019une femme. En quelques mois le corps se transforme pour donner la vie. Pr\u00e9 natal: La m\u00e9thode permet une adaptation constante de la posture afin de soulager certaines tensions dues \u00e0 la grossesse mais aussi d\u2019appr\u00e9hender au mieux l\u2019accouchement. Post natal: R\u00e9approprier son corps, retrouver une tonicit\u00e9 et un mieux \u00eatre corporel pour accompagner au mieux la maman dans ses premiers pas aupr\u00e8s de b\u00e9b\u00e9. Le Pilates vous accompagnera dans un mieux \u00eatre dans chaque \u00e9tape de la maternit\u00e9 et vous permettra de prendre un temps pour vous.<\/div>\n                                            <!-- <div class=\"sc_services_item_button sc_item_button\"><a href=\"http:\/\/localhost:8888\/wpa\/?page_id=86\/#class_resa\" class=\"sc_button\">R\u00e9server ce cours<\/a><\/div> -->\n\t<\/div>\n<\/div>\n<div class=\"sc_services_item without_content\"><div class=\"post_featured with_thumb hover_dots sc_services_item_header post_featured_bg beyoga_inline_669596805\"><div class=\"mask\"><\/div><a href=\"https:\/\/pilatesaccorps.fr\/?cpt_services=cours-en-ligne\" aria-hidden=\"true\" class=\"icons\"><span><\/span><span><\/span><span><\/span><\/a><\/div><div class=\"sc_services_item_featured_content\">\n            <!--         <h4 class=\"sc_services_item_title\"><a href=\"http:\/\/localhost:8888\/wpa\/?page_id=86\/#class_resa\">Cours en ligne<\/a><\/h4>\n            <div class=\"sc_services_item_subtitle\"><p>Cours en ligne<\/p>\n<\/div>\n                -->\n\n     <div class=\"sc_services_item_button sc_item_button\"><a href=\"http:\/\/localhost:8888\/wpa\/?page_id=86\/#class_resa\" class=\"sc_button coursReservation\">R\u00e9server ce cours<\/a><\/div>\n<\/div>\n\t<div class=\"sc_services_item_content\">\n\t\t            <h5 class=\"sc_services_item_content_title\">Cours en ligne<\/h5>\n            <div class=\"sc_services_item_content_item about\"><span id=\"courenligne\"> <\/span>\r\nQue l\u2019on soit chez soi, au travail ou en vacances, les vid\u00e9oconf\u00e9rences augmentent les possibilit\u00e9s de maintenir un suivi et ainsi continuer \u00e0 entretenir sa pratique.\r\n\r\nIl permet aussi un temps de partage entre ami(e)s qui ne peuvent pratiquer dans le m\u00eame lieu.<\/div>\n                                            <!-- <div class=\"sc_services_item_button sc_item_button\"><a href=\"http:\/\/localhost:8888\/wpa\/?page_id=86\/#class_resa\" class=\"sc_button\">R\u00e9server ce cours<\/a><\/div> -->\n\t<\/div>\n<\/div>\n<div class=\"sc_services_item without_content\"><div class=\"post_featured with_thumb hover_dots sc_services_item_header post_featured_bg beyoga_inline_1763871323\"><div class=\"mask\"><\/div><a href=\"https:\/\/pilatesaccorps.fr\/?cpt_services=pilates-enfants\" aria-hidden=\"true\" class=\"icons\"><span><\/span><span><\/span><span><\/span><\/a><\/div><div class=\"sc_services_item_featured_content\">\n            <!--             <img decoding=\"async\" class=\"sc_services_item_peview_image\" alt=\"groupe-enfants-300x200.jpeg\" src=\"https:\/\/pilatesaccorps.fr\/wp-content\/uploads\/2025\/11\/groupe-enfants-300x200.jpeg\">\n                    <h4 class=\"sc_services_item_title\"><a href=\"http:\/\/localhost:8888\/wpa\/?page_id=86\/#class_resa\">Pilates enfants<\/a><\/h4>\n            <div class=\"sc_services_item_subtitle\"><p>Pilates Enfants<\/p>\n<\/div>\n                -->\n\n     <div class=\"sc_services_item_button sc_item_button\"><a href=\"http:\/\/localhost:8888\/wpa\/?page_id=86\/#class_resa\" class=\"sc_button coursReservation\">R\u00e9server ce cours<\/a><\/div>\n<\/div>\n\t<div class=\"sc_services_item_content\">\n\t\t            <h5 class=\"sc_services_item_content_title\">Pilates Enfants<\/h5>\n            <div class=\"sc_services_item_content_item about\"><span id=\"pilatesenfants\"><\/span>\r\nUne approche unique qui initie les enfants \u00e0 l'anatomie, \u00e0 l'analyse fonctionnelle du mouvement et \u00e0 son application pratique dans l'espace.<\/div>\n                                            <!-- <div class=\"sc_services_item_button sc_item_button\"><a href=\"http:\/\/localhost:8888\/wpa\/?page_id=86\/#class_resa\" class=\"sc_button\">R\u00e9server ce cours<\/a><\/div> -->\n\t<\/div>\n<\/div>\n<div class=\"sc_services_item without_content\"><div class=\"post_featured with_thumb hover_dots sc_services_item_header post_featured_bg beyoga_inline_1130011\"><div class=\"mask\"><\/div><a href=\"https:\/\/pilatesaccorps.fr\/?cpt_services=pilates-facia\" aria-hidden=\"true\" class=\"icons\"><span><\/span><span><\/span><span><\/span><\/a><\/div><div class=\"sc_services_item_featured_content\">\n            <!--             <img decoding=\"async\" class=\"sc_services_item_peview_image\" alt=\"julie-facia-290x300.jpg\" src=\"https:\/\/pilatesaccorps.fr\/wp-content\/uploads\/2025\/11\/julie-facia-290x300.jpg\">\n                    <h4 class=\"sc_services_item_title\"><a href=\"http:\/\/localhost:8888\/wpa\/?page_id=86\/#class_resa\">Pilates matwork et fascia en mouvement<\/a><\/h4>\n            <div class=\"sc_services_item_subtitle\"><p>Pilates matwork et fascia en mouvement<\/p>\n<\/div>\n                -->\n\n     <div class=\"sc_services_item_button sc_item_button\"><a href=\"http:\/\/localhost:8888\/wpa\/?page_id=86\/#class_resa\" class=\"sc_button coursReservation\">R\u00e9server ce cours<\/a><\/div>\n<\/div>\n\t<div class=\"sc_services_item_content\">\n\t\t            <h5 class=\"sc_services_item_content_title\">Pilates matwork et fascia en mouvement<\/h5>\n            <div class=\"sc_services_item_content_item about\"><span id=\"matworkFascia\"><\/span>\r\nQuand l'anatomie du fascia rencontre la m\u00e9thode Pilates, cela cr\u00e9e une pratique corporelle pertinente pour un mieux-\u00eatre \u00e0 travers un corps vivant, mobile et revitalis\u00e9. En travaillant avec le tissu conjonctif, nous renouons avec notre dimension sensorielle et intuitive.<\/div>\n                                            <!-- <div class=\"sc_services_item_button sc_item_button\"><a href=\"http:\/\/localhost:8888\/wpa\/?page_id=86\/#class_resa\" class=\"sc_button\">R\u00e9server ce cours<\/a><\/div> -->\n\t<\/div>\n<\/div>\n<\/div><\/div><!-- \/.sc_services -->[vc_empty_space alter_height=\u00a0\u00bblarge\u00a0\u00bb hide_on_mobile=\u00a0\u00bb\u00a0\u00bb css=\u00a0\u00bb.vc_custom_1490346571084{margin-top: 0.7rem !important;}\u00a0\u00bb][\/vc_column][\/vc_row][vc_row][vc_column][vc_empty_space hide_on_mobile=\u00a0\u00bb\u00a0\u00bb][\/vc_column][\/vc_row][vc_row css_animation=\u00a0\u00bbfadeInUp\u00a0\u00bb el_id=\u00a0\u00bbclass_resa\u00a0\u00bb][vc_column]<p class=\"wpcf7-contact-form-not-found\"><strong>Erreur\u00a0:<\/strong> Formulaire de contact non trouv\u00e9\u00a0!<\/p>[\/vc_column][\/vc_row][vc_row][vc_column][vc_empty_space hide_on_mobile=\u00a0\u00bb\u00a0\u00bb][\/vc_column][\/vc_row]<\/p>\n","protected":false},"excerpt":{"rendered":"<p>[vc_row full_width=\u00a0\u00bbstretch_row\u00a0\u00bb css=\u00a0\u00bb.vc_custom_1605115746129{background-color: #ffffff !important;}\u00a0\u00bb][vc_column][vc_empty_space alter_height=\u00a0\u00bbmedium\u00a0\u00bb hide_on_mobile=\u00a0\u00bb\u00a0\u00bb css=\u00a0\u00bb.vc_custom_1490341906494{margin-top: -0.6rem !important;}\u00a0\u00bb][vc_empty_space alter_height=\u00a0\u00bbmedium\u00a0\u00bb hide_on_mobile=\u00a0\u00bb\u00a0\u00bb css=\u00a0\u00bb.vc_custom_1490341906494{margin-top: -0.6rem !important;}\u00a0\u00bb][vc_empty_space alter_height=\u00a0\u00bblarge\u00a0\u00bb hide_on_mobile=\u00a0\u00bb\u00a0\u00bb css=\u00a0\u00bb.vc_custom_1490346571084{margin-top: 0.7rem !important;}\u00a0\u00bb][\/vc_column][\/vc_row][vc_row][vc_column][vc_empty_space hide_on_mobile=\u00a0\u00bb\u00a0\u00bb][\/vc_column][\/vc_row][vc_row css_animation=\u00a0\u00bbfadeInUp\u00a0\u00bb el_id=\u00a0\u00bbclass_resa\u00a0\u00bb][vc_column][\/vc_column][\/vc_row][vc_row][vc_column][vc_empty_space hide_on_mobile=\u00a0\u00bb\u00a0\u00bb][\/vc_column][\/vc_row]<\/p>\n","protected":false},"author":1,"featured_media":0,"parent":0,"menu_order":2,"comment_status":"closed","ping_status":"closed","template":"","meta":{"footnotes":""},"class_list":["post-86","page","type-page","status-publish","hentry"],"yoast_head":"<!-- This site is optimized with the Yoast SEO plugin v27.1.1 - https:\/\/yoast.com\/product\/yoast-seo-wordpress\/ -->\n<title>Cours - Pilates Ac corps<\/title>\n<meta name=\"description\" content=\"Apr\u00e8s un entretien individuel favorisant un \u00e9change sur vos attentes mais aussi vos besoins, nous \u00e9tablirons un planning et un programme d&#039;entra\u00eenement personnalis\" \/>\n<meta name=\"robots\" content=\"index, follow, max-snippet:-1, max-image-preview:large, max-video-preview:-1\" \/>\n<link rel=\"canonical\" href=\"https:\/\/pilatesaccorps.fr\/?page_id=86\" \/>\n<meta property=\"og:locale\" content=\"fr_FR\" \/>\n<meta property=\"og:type\" content=\"article\" \/>\n<meta property=\"og:title\" content=\"Cours - Pilates Ac corps\" \/>\n<meta property=\"og:description\" content=\"Apr\u00e8s un entretien individuel favorisant un \u00e9change sur vos attentes mais aussi vos besoins, nous \u00e9tablirons un planning et un programme d&#039;entra\u00eenement personnalis\" \/>\n<meta property=\"og:url\" content=\"https:\/\/pilatesaccorps.fr\/?page_id=86\" \/>\n<meta property=\"og:site_name\" content=\"Pilates Ac corps\" \/>\n<meta property=\"article:publisher\" content=\"https:\/\/www.facebook.com\/profile.php?id=61584966630451\" \/>\n<meta property=\"article:modified_time\" content=\"2026-03-15T11:27:37+00:00\" \/>\n<meta name=\"twitter:card\" content=\"summary_large_image\" \/>\n<meta name=\"twitter:label1\" content=\"Dur\u00e9e de lecture estim\u00e9e\" \/>\n\t<meta name=\"twitter:data1\" content=\"1 minute\" \/>\n<script type=\"application\/ld+json\" class=\"yoast-schema-graph\">{\"@context\":\"https:\/\/schema.org\",\"@graph\":[{\"@type\":\"WebPage\",\"@id\":\"https:\/\/pilatesaccorps.fr\/?page_id=86\",\"url\":\"https:\/\/pilatesaccorps.fr\/?page_id=86\",\"name\":\"Cours - Pilates Ac corps\",\"isPartOf\":{\"@id\":\"https:\/\/pilatesaccorps.fr\/#website\"},\"datePublished\":\"2017-03-13T14:49:50+00:00\",\"dateModified\":\"2026-03-15T11:27:37+00:00\",\"description\":\"Apr\u00e8s un entretien individuel favorisant un \u00e9change sur vos attentes mais aussi vos besoins, nous \u00e9tablirons un planning et un programme d'entra\u00eenement personnalis\",\"breadcrumb\":{\"@id\":\"https:\/\/pilatesaccorps.fr\/?page_id=86#breadcrumb\"},\"inLanguage\":\"fr-FR\",\"potentialAction\":[{\"@type\":\"ReadAction\",\"target\":[\"https:\/\/pilatesaccorps.fr\/?page_id=86\"]}]},{\"@type\":\"BreadcrumbList\",\"@id\":\"https:\/\/pilatesaccorps.fr\/?page_id=86#breadcrumb\",\"itemListElement\":[{\"@type\":\"ListItem\",\"position\":1,\"name\":\"Accueil\",\"item\":\"https:\/\/pilatesaccorps.fr\/\"},{\"@type\":\"ListItem\",\"position\":2,\"name\":\"Cours\"}]},{\"@type\":\"WebSite\",\"@id\":\"https:\/\/pilatesaccorps.fr\/#website\",\"url\":\"https:\/\/pilatesaccorps.fr\/\",\"name\":\"Pilates Ac corps\",\"description\":\"Votre professeur du Pilates\",\"publisher\":{\"@id\":\"https:\/\/pilatesaccorps.fr\/#organization\"},\"potentialAction\":[{\"@type\":\"SearchAction\",\"target\":{\"@type\":\"EntryPoint\",\"urlTemplate\":\"https:\/\/pilatesaccorps.fr\/?s={search_term_string}\"},\"query-input\":{\"@type\":\"PropertyValueSpecification\",\"valueRequired\":true,\"valueName\":\"search_term_string\"}}],\"inLanguage\":\"fr-FR\"},{\"@type\":\"Organization\",\"@id\":\"https:\/\/pilatesaccorps.fr\/#organization\",\"name\":\"Pilates Ac corps\",\"url\":\"https:\/\/pilatesaccorps.fr\/\",\"logo\":{\"@type\":\"ImageObject\",\"inLanguage\":\"fr-FR\",\"@id\":\"https:\/\/pilatesaccorps.fr\/#\/schema\/logo\/image\/\",\"url\":\"https:\/\/pilatesaccorps.fr\/wp-content\/uploads\/2020\/11\/piltesaccoprs-logo@2x.png\",\"contentUrl\":\"https:\/\/pilatesaccorps.fr\/wp-content\/uploads\/2020\/11\/piltesaccoprs-logo@2x.png\",\"width\":69,\"height\":52,\"caption\":\"Pilates Ac corps\"},\"image\":{\"@id\":\"https:\/\/pilatesaccorps.fr\/#\/schema\/logo\/image\/\"},\"sameAs\":[\"https:\/\/www.facebook.com\/profile.php?id=61584966630451\",\"https:\/\/www.instagram.com\/pilatesaccorps_julie\/?hl=fr\"]}]}<\/script>\n<!-- \/ Yoast SEO plugin. -->","yoast_head_json":{"title":"Cours - Pilates Ac corps","description":"Apr\u00e8s un entretien individuel favorisant un \u00e9change sur vos attentes mais aussi vos besoins, nous \u00e9tablirons un planning et un programme d'entra\u00eenement personnalis","robots":{"index":"index","follow":"follow","max-snippet":"max-snippet:-1","max-image-preview":"max-image-preview:large","max-video-preview":"max-video-preview:-1"},"canonical":"https:\/\/pilatesaccorps.fr\/?page_id=86","og_locale":"fr_FR","og_type":"article","og_title":"Cours - Pilates Ac corps","og_description":"Apr\u00e8s un entretien individuel favorisant un \u00e9change sur vos attentes mais aussi vos besoins, nous \u00e9tablirons un planning et un programme d'entra\u00eenement personnalis","og_url":"https:\/\/pilatesaccorps.fr\/?page_id=86","og_site_name":"Pilates Ac corps","article_publisher":"https:\/\/www.facebook.com\/profile.php?id=61584966630451","article_modified_time":"2026-03-15T11:27:37+00:00","twitter_card":"summary_large_image","twitter_misc":{"Dur\u00e9e de lecture estim\u00e9e":"1 minute"},"schema":{"@context":"https:\/\/schema.org","@graph":[{"@type":"WebPage","@id":"https:\/\/pilatesaccorps.fr\/?page_id=86","url":"https:\/\/pilatesaccorps.fr\/?page_id=86","name":"Cours - Pilates Ac corps","isPartOf":{"@id":"https:\/\/pilatesaccorps.fr\/#website"},"datePublished":"2017-03-13T14:49:50+00:00","dateModified":"2026-03-15T11:27:37+00:00","description":"Apr\u00e8s un entretien individuel favorisant un \u00e9change sur vos attentes mais aussi vos besoins, nous \u00e9tablirons un planning et un programme d'entra\u00eenement personnalis","breadcrumb":{"@id":"https:\/\/pilatesaccorps.fr\/?page_id=86#breadcrumb"},"inLanguage":"fr-FR","potentialAction":[{"@type":"ReadAction","target":["https:\/\/pilatesaccorps.fr\/?page_id=86"]}]},{"@type":"BreadcrumbList","@id":"https:\/\/pilatesaccorps.fr\/?page_id=86#breadcrumb","itemListElement":[{"@type":"ListItem","position":1,"name":"Accueil","item":"https:\/\/pilatesaccorps.fr\/"},{"@type":"ListItem","position":2,"name":"Cours"}]},{"@type":"WebSite","@id":"https:\/\/pilatesaccorps.fr\/#website","url":"https:\/\/pilatesaccorps.fr\/","name":"Pilates Ac corps","description":"Votre professeur du Pilates","publisher":{"@id":"https:\/\/pilatesaccorps.fr\/#organization"},"potentialAction":[{"@type":"SearchAction","target":{"@type":"EntryPoint","urlTemplate":"https:\/\/pilatesaccorps.fr\/?s={search_term_string}"},"query-input":{"@type":"PropertyValueSpecification","valueRequired":true,"valueName":"search_term_string"}}],"inLanguage":"fr-FR"},{"@type":"Organization","@id":"https:\/\/pilatesaccorps.fr\/#organization","name":"Pilates Ac corps","url":"https:\/\/pilatesaccorps.fr\/","logo":{"@type":"ImageObject","inLanguage":"fr-FR","@id":"https:\/\/pilatesaccorps.fr\/#\/schema\/logo\/image\/","url":"https:\/\/pilatesaccorps.fr\/wp-content\/uploads\/2020\/11\/piltesaccoprs-logo@2x.png","contentUrl":"https:\/\/pilatesaccorps.fr\/wp-content\/uploads\/2020\/11\/piltesaccoprs-logo@2x.png","width":69,"height":52,"caption":"Pilates Ac corps"},"image":{"@id":"https:\/\/pilatesaccorps.fr\/#\/schema\/logo\/image\/"},"sameAs":["https:\/\/www.facebook.com\/profile.php?id=61584966630451","https:\/\/www.instagram.com\/pilatesaccorps_julie\/?hl=fr"]}]}},"_links":{"self":[{"href":"https:\/\/pilatesaccorps.fr\/index.php?rest_route=\/wp\/v2\/pages\/86","targetHints":{"allow":["GET"]}}],"collection":[{"href":"https:\/\/pilatesaccorps.fr\/index.php?rest_route=\/wp\/v2\/pages"}],"about":[{"href":"https:\/\/pilatesaccorps.fr\/index.php?rest_route=\/wp\/v2\/types\/page"}],"author":[{"embeddable":true,"href":"https:\/\/pilatesaccorps.fr\/index.php?rest_route=\/wp\/v2\/users\/1"}],"replies":[{"embeddable":true,"href":"https:\/\/pilatesaccorps.fr\/index.php?rest_route=%2Fwp%2Fv2%2Fcomments&post=86"}],"version-history":[{"count":29,"href":"https:\/\/pilatesaccorps.fr\/index.php?rest_route=\/wp\/v2\/pages\/86\/revisions"}],"predecessor-version":[{"id":1475,"href":"https:\/\/pilatesaccorps.fr\/index.php?rest_route=\/wp\/v2\/pages\/86\/revisions\/1475"}],"wp:attachment":[{"href":"https:\/\/pilatesaccorps.fr\/index.php?rest_route=%2Fwp%2Fv2%2Fmedia&parent=86"}],"curies":[{"name":"wp","href":"https:\/\/api.w.org\/{rel}","templated":true}]}}